{"id":1454,"date":"2012-05-04T22:05:47","date_gmt":"2012-05-04T20:05:47","guid":{"rendered":"http:\/\/www.ef-pixx.de\/?page_id=1454"},"modified":"2024-10-17T23:33:58","modified_gmt":"2024-10-17T21:33:58","slug":"archiv","status":"publish","type":"page","link":"https:\/\/www.ef-pixx.de\/index.php\/archiv\/","title":{"rendered":"Archiv"},"content":{"rendered":"<h2>EF PIXX 2023<\/h2>\n<ul>\n<li><a href=\"http:\/\/www.ef-pixx.de\/index.php\/gallery\/circuit-de-spa-francorchamps-porsche-days-2023\/\"><strong>08.-09.04.2023<\/strong>\u00a0&#8212; Circuit de Spa-Francorchamps &#8211; <strong>Porsche<\/strong> Days<\/a><\/li>\n<li>\n<p style=\"text-align: left;\"><a href=\"http:\/\/www.ef-pixx.de\/index.php\/gallery\/motorsportarena-muelsen-adac-pocket-bike-cup-2023\/\"><strong>01.07.2023<\/strong> &#8212; Motorsportarena M\u00fclsen &#8211; ADAC Pocket Bike Cup 2023<\/a><\/p>\n<\/li>\n<li>\n<p style=\"text-align: left;\"><a href=\"http:\/\/www.ef-pixx.de\/index.php\/gallery\/riat-2023-a2a\/\"><strong>12.07.2023<\/strong> &#8212; Royal International Air Tattoo<strong> &#8211; Air to Air<\/strong><\/a><\/p>\n<\/li>\n<li>\n<p style=\"text-align: left;\"><a href=\"http:\/\/www.ef-pixx.de\/index.php\/gallery\/rich-goodwin-airshows\/\"><strong>13.07.2023<\/strong> &#8212; Rich Goodwin Airshows &#8211; <b>Air to Air<\/b><\/a><\/p>\n<\/li>\n<li>\n<p style=\"text-align: left;\"><b><\/b><a href=\"http:\/\/www.ef-pixx.de\/index.php\/gallery\/riat-2023\/\"><strong>15.07.2023<\/strong> &#8212; RAF Fairford &#8211; <strong>Royal International Air Tattoo<\/strong><\/a><\/p>\n<\/li>\n<li>\n<p style=\"text-align: left;\"><a href=\"http:\/\/www.ef-pixx.de\/index.php\/gallery\/bafd-2023-a2a\/\"><strong>07.09.2023<\/strong> &#8212; Belgian Air Force Days<strong>\u00a0&#8211; Air to Air<\/strong><\/a><\/p>\n<\/li>\n<li>\n<p style=\"text-align: left;\"><a href=\"https:\/\/www.ef-pixx.de\/index.php\/gallery\/vliegbasis-kleine-brogel-belgian-air-force-days-2023\/\"><strong>09.-10.09.2023<\/strong> &#8212; Vliegbasis Kleine Brogel &#8211; Belgian <strong>Air Force<\/strong> Days<\/a><\/p>\n<\/li>\n<\/ul>\n<h2>EF PIXX 2022<\/h2>\n<ul>\n<li><a href=\"http:\/\/www.ef-pixx.de\/index.php\/gallery\/43-sanicole-airshow\/\"><strong><em>08.09.2022 <\/em><\/strong>&#8212; 43. International Sanicole Airshow &#8211; <strong>Air to Air<\/strong><\/a><\/li>\n<li><a href=\"http:\/\/www.ef-pixx.de\/index.php\/gallery\/vliegveld-leopoldsburg-10-sanicole-sunset-airshow\/\"><strong><em>10.09.2022 <\/em><\/strong>&#8212; Vliegveld Leopoldsburg &#8211; 10. Sanicole Sunset <strong>Airshow<\/strong><\/a><\/li>\n<li><a href=\"http:\/\/www.ef-pixx.de\/index.php\/gallery\/vliegveld-leopoldsburg-43-international-sanicole-airshow\/\"><strong><em>11.09.2022<\/em><\/strong>\u00a0&#8212; Vliegveld Leopoldsburg &#8211; 43. International Sanicole <strong>Airshow<\/strong><\/a><\/li>\n<\/ul>\n<h2>EF PIXX 2021<\/h2>\n<ul>\n<li><a href=\"http:\/\/www.ef-pixx.de\/index.php\/gallery\/vliegveld-leopoldsburg-9-sanicole-sunset-airshow\/\"><strong><em>10.09.2021<\/em><\/strong> &#8212; Vliegveld Leopoldsburg &#8211; 9. Sanicole Sunset <strong>Airshow<\/strong><\/a><\/li>\n<li><a href=\"http:\/\/www.ef-pixx.de\/index.php\/gallery\/vliegveld-leopoldsburg-42-international-sanicole-airshow\/\"><strong><em>12.09.2021<\/em><\/strong> &#8212; Vliegveld Leopoldsburg &#8211; 42. International Sanicole <strong>Airshow<\/strong><\/a><\/li>\n<li><a href=\"http:\/\/www.ef-pixx.de\/index.php\/gallery\/42-sanicole-airshow\/\"><strong><em>12.09.2021<\/em><\/strong> &#8212; 42. International Sanicole Airshow &#8211; <strong>Air to Air<\/strong><\/a><\/li>\n<\/ul>\n<h2>EF PIXX 2020<\/h2>\n<ul>\n<li><a href=\"http:\/\/www.ef-pixx.de\/index.php\/gallery\/snap-2020\/\"><em><strong>08.-09.09.2020\u00a0<\/strong><\/em>\u2014 Fliegerhorst N\u00f6rvenich &#8211; <strong>SNAP<\/strong> 2020<\/a><\/li>\n<\/ul>\n<h2>EF PIXX 2019<\/h2>\n<ul>\n<li><a href=\"http:\/\/www.ef-pixx.de\/index.php\/gallery\/circuit-de-spa-francorchamps-porsche-days-2019\/\"><em><strong>13.-14.04.2019 <\/strong><\/em>&#8212; Circuit de Spa-Francorchamps &#8211; <strong>Porsche <\/strong>Days<\/a><\/li>\n<li><a href=\"http:\/\/www.ef-pixx.de\/index.php\/gallery\/vliegbasis-volkel-luchtmachtdagen-2019\/\"><em><strong>14.-15.06.2019 <\/strong><\/em>&#8212; Vliegbasis Volkel<strong>\u00a0&#8211; Luchtmachtdagen<\/strong><\/a><\/li>\n<li><a href=\"http:\/\/www.ef-pixx.de\/index.php\/gallery\/vliegveld-leopoldsburg-8-sanicole-sunset-airshow\/\"><strong><em>13.09.2019<\/em><\/strong>\u00a0&#8212; Vliegveld Leopoldsburg &#8211; 8. Sanicole Sunset <strong>Airshow<\/strong><\/a><\/li>\n<li><a href=\"http:\/\/www.ef-pixx.de\/index.php\/gallery\/vliegveld-leopoldsburg-41-international-sanicole-airshow\/\"><strong><em>15.09.2019<\/em><\/strong>\u00a0&#8212; Vliegveld Leopoldsburg &#8211; 41. International Sanicole <strong>Airshow<\/strong><\/a><\/li>\n<\/ul>\n<h2>EF PIXX 2018<\/h2>\n<ul>\n<li><a href=\"http:\/\/www.ef-pixx.de\/index.php\/gallery\/circuit-de-spa-francorchamps-porsche-days-2018\/\"><em><strong>21.-22.04.2018 <\/strong><\/em>&#8212; Circuit de Spa-Francorchamps &#8211; <strong>Porsche <\/strong>Days<\/a><\/li>\n<li><a href=\"http:\/\/www.ef-pixx.de\/index.php\/gallery\/discovery-air-wittmund-top-aces\/\"><em><strong>04.06.2018 <\/strong><\/em>&#8212; Discovery Air Defence Wittmund<strong> &#8211; Air to Air<\/strong><\/a><\/li>\n<li><a href=\"http:\/\/www.ef-pixx.de\/index.php\/gallery\/vliegbasis-kleine-brogel-belgian-air-force-days-2018\/\"><em><strong>07.-09.09.2018 <\/strong><\/em>&#8212; Vliegbasis Kleine Brogel &#8211; Belgian <strong>Air Force <\/strong>Days<\/a><\/li>\n<li><a href=\"http:\/\/www.ef-pixx.de\/index.php\/gallery\/circuit-zolder-american-festival-nascar-finals-2018\/\"><b><i>20.-21.10.2018 <\/i><\/b>&#8212; Circuit Zolder &#8211; American Festival <strong>Nascar<\/strong> Finals<\/a><\/li>\n<\/ul>\n<h2>EF PIXX 2017<\/h2>\n<ul>\n<li><a href=\"http:\/\/www.ef-pixx.de\/index.php\/gallery\/base-aerienne-de-florennes-tactical-weapon-meet\/\"><em><strong>15.06.2017 <\/strong><\/em>&#8212; Base A\u00e9rienne de Florennes &#8211; <strong>Tactical Weapon Meet<\/strong><\/a><\/li>\n<li><a href=\"http:\/\/www.ef-pixx.de\/index.php\/gallery\/nato-air-base-geilenkirchen-35-jaehriges-jubilaeum-des-e3a-verbands\/\"><em><strong>29.06.-30.06.2017 <\/strong><\/em>&#8212; NATO Air Base Geilenkirchen &#8211; <em>35<\/em>-j\u00e4hriges Jubil\u00e4um des<strong> E-3A-Verbands <\/strong><em>*** Ank\u00fcnfte<\/em><\/a><\/li>\n<li><a href=\"http:\/\/www.ef-pixx.de\/index.php\/gallery\/vliegveld-leopoldsburg-7-sanicole-sunset-airshow\/\"><strong><em>08.09.2017<\/em><\/strong> &#8212; Vliegveld Leopoldsburg &#8211; 7. Sanicole Sunset <strong>Airshow<\/strong><\/a><\/li>\n<li><a href=\"http:\/\/www.ef-pixx.de\/index.php\/gallery\/vliegveld-leopoldsburg-40-international-sanicole-airshow\/\"><strong><em>10.09.2017<\/em><\/strong> &#8212; Vliegveld Leopoldsburg &#8211; 40. International Sanicole <strong>Airshow<\/strong><\/a><\/li>\n<\/ul>\n<h2>EF PIXX 2016<\/h2>\n<ul>\n<li><a title=\"Circuit de Spa-Francorchamps ~ Porsche Days 2015\" href=\"http:\/\/www.ef-pixx.de\/index.php\/gallery\/circuit-de-spa-francorchamps-porsche-days-2016\/\"><em><strong>30.04.-01.05.2016 <\/strong><\/em>&#8212; Circuit de Spa-Francorchamps &#8211; <strong>Porsche <\/strong>Days<\/a><\/li>\n<li><a href=\"http:\/\/www.ef-pixx.de\/index.php\/gallery\/vliegbasis-leeuwarden-luchtmachtdagen-2016\/\"><em><strong>10.-11.06.2016<\/strong><\/em> &#8212; Vliegbasis Leeuwarden &#8211; <strong>Luchtmachtdagen<\/strong><\/a><\/li>\n<li><a title=\"Sachsenring Hohenstein-Ernstthal ~ Sachsenring Classic 2015\" href=\"http:\/\/www.ef-pixx.de\/index.php\/gallery\/sachsenring-hohenstein-ernstthal-sachsenring-classic-2015\/\"><em><strong>25.-26.06.2016 <\/strong><\/em>&#8212; <\/a><a title=\"Base A\u00e9rienne De Florennes \u2013 International Airshow 2012\" href=\"http:\/\/www.ef-pixx.de\/index.php\/gallery\/base-aerienne-de-florennes-belgian-air-force-days-2016\/\">Base A\u00e9rienne de Florennes &#8211; Belgian <strong>Air Force<\/strong> Days<\/a><\/li>\n<li><a title=\"Dunsfold Park \u2013 Dunsfold Wings and Wheels 2015\" href=\"http:\/\/www.ef-pixx.de\/index.php\/gallery\/hillesheim-rallye-oberehe-2016\/\"><em><strong>05.-06.08.2016<\/strong><\/em>\u00a0&#8212; Hillesheim &#8211; <strong>Rallye<\/strong> Oberehe<\/a><\/li>\n<li><a title=\"Vliegveld Leopoldsburg ~ 5. Sanicole Sunset Airshow\" href=\"http:\/\/www.ef-pixx.de\/index.php\/gallery\/belgian-air-force-31-tiger-squadron\/\"><em><strong>05.08.2016<\/strong><\/em>\u00a0&#8212; Belgian Air Force 31 Tiger Squadron &#8211; <strong>Air to Air<\/strong><\/a><\/li>\n<li><a title=\"Vliegveld Leopoldsburg ~ 38. International Sanicole Airshow\" href=\"http:\/\/www.ef-pixx.de\/index.php\/gallery\/vliegveld-leopoldsburg-39-international-sanicole-airshow\/\"><strong><em>11.09.2016<\/em><\/strong>\u00a0&#8212; Vliegveld Leopoldsburg &#8211; 39. International Sanicole <strong>Airshow<\/strong><\/a><\/li>\n<\/ul>\n<h2>EF PIXX 2015<\/h2>\n<ul>\n<li><a title=\"Circuit de Spa-Francorchamps ~ Porsche Days 2015\" href=\"http:\/\/www.ef-pixx.de\/index.php\/gallery\/circuit-de-spa-francorchamps-porsche-days-2015\/\"><em><strong>09.-10.05.2015 <\/strong><\/em>&#8212; Circuit de Spa-Francorchamps &#8211; <strong>Porsche <\/strong>Days<\/a><\/li>\n<li><a title=\"Sachsenring Hohenstein-Ernstthal ~ Sachsenring Classic 2015\" href=\"http:\/\/www.ef-pixx.de\/index.php\/gallery\/sachsenring-hohenstein-ernstthal-sachsenring-classic-2015\/\"><em><strong>20.-21.06.2015 <\/strong><\/em>&#8212; Sachsenring Hohenstein-Ernstthal &#8211; ADAC<strong> Sachsenring Classic<\/strong><\/a><\/li>\n<li><a title=\"Dunsfold Park \u2013 Dunsfold Wings and Wheels 2015\" href=\"http:\/\/www.ef-pixx.de\/index.php\/gallery\/dunsfold-aerodrome-dunsfold-wings-and-wheels-2015\/\"><em><strong>29.-30.08.2015<\/strong><\/em> &#8212; Dunsfold Park &#8211; Dunsfold <strong>Wings and Wheels<\/strong><\/a><\/li>\n<li><a title=\"Vliegveld Leopoldsburg ~ 5. Sanicole Sunset Airshow\" href=\"http:\/\/www.ef-pixx.de\/index.php\/gallery\/vliegveld-leopoldsburg-5-sanicole-sunset-airshow\/\"><em><strong>18.09.2015<\/strong><\/em> &#8212; Vliegveld Leopoldsburg &#8211; 5. Sanicole Sunset<strong> Airshow<\/strong><\/a><\/li>\n<li><a title=\"Vliegveld Leopoldsburg ~ 38. International Sanicole Airshow\" href=\"http:\/\/www.ef-pixx.de\/index.php\/gallery\/vliegveld-leopoldsburg-38-international-sanicole-airshow\/\"><strong><em>20.09.2015<\/em><\/strong> &#8212; Vliegveld Leopoldsburg &#8211; 38. International Sanicole <strong>Airshow<\/strong><\/a><\/li>\n<\/ul>\n<h2>EF PIXX 2014<\/h2>\n<ul>\n<li><a href=\"http:\/\/www.ef-pixx.de\/index.php\/gallery\/circuit-de-spa-francorchamps-porsche-days-2014\/\"><strong><em>10.-11.05.2014<\/em><\/strong> &#8212; Circuit de Spa-Francorchamps &#8211; <strong>Porsche<\/strong> Days<\/a><\/li>\n<li><a href=\"http:\/\/www.ef-pixx.de\/index.php\/gallery\/sachsenring-hohenstein-ernstthal-sachsenring-classic-2014\/\"><em><strong>17.-18.05.2014<\/strong> <\/em>&#8212; Sachsenring Hohenstein-Ernstthal &#8211;\u00a0 ADAC <strong>Sachsenring Classic<\/strong><\/a><\/li>\n<li><a href=\"http:\/\/www.ef-pixx.de\/index.php\/gallery\/volkel-volkel-in-de-wolken-2014\/\"><em><strong>25.05.2014<\/strong> <\/em>&#8212; Volkel &#8211; <strong>Volkel in de Wolken<\/strong><\/a><\/li>\n<li><a href=\"http:\/\/www.ef-pixx.de\/index.php\/gallery\/folkestone-airshow-2014\/\"><em><strong>07.-08.06.2014<\/strong><\/em> &#8212; Folkestone &#8211; Folkestone<strong> Airshow<\/strong><\/a><\/li>\n<li><a href=\"http:\/\/www.ef-pixx.de\/index.php\/gallery\/vliegbasis-gilze-rijen-luchtmachtdagen-2014\/\"><em><strong>19.-21.06.2014<\/strong><\/em> &#8212; Vliegbasis\u00a0Gilze-Rijen &#8211; <strong>Luchtmachtdagen<\/strong><\/a><\/li>\n<li><a href=\"http:\/\/www.ef-pixx.de\/index.php\/gallery\/fliegerhorst-schleswig-nato-tiger-meet-2014\/\"><strong><em>23.06.2014<\/em><\/strong> &#8212; Fliegerhorst Schleswig &#8211; <strong>NATO Tiger Meet<\/strong><\/a><\/li>\n<li><a href=\"http:\/\/www.ef-pixx.de\/index.php\/gallery\/circuit-zolder-race-festival-2014\/\"><em><strong>16.-17.08.2014<\/strong><\/em> &#8212; Circuit Zolder &#8211; <strong>Race Festival<\/strong><\/a><\/li>\n<li><a href=\"http:\/\/www.ef-pixx.de\/index.php\/gallery\/flugplatz-aachen-merzbrueck-100-jaehriges-jubilaeum-des-flugplatzes\/\"><strong><em>31.08.2014<\/em><\/strong> &#8212; Flugplatz Aachen-Merzbr\u00fcck &#8211; <strong>100-j\u00e4hriges Jubil\u00e4um<\/strong> des Flugplatzes<\/a><\/li>\n<li><a href=\"http:\/\/www.ef-pixx.de\/index.php\/gallery\/vliegbasis-kleine-brogel-belgian-air-force-days-2014\/\"><em><strong>12.-14.09.2014<\/strong><\/em> &#8212; Vliegbasis\u00a0Kleine Brogel\u00a0&#8211; Belgian <strong>Air Force<\/strong> Days<\/a><\/li>\n<li><a href=\"http:\/\/www.ef-pixx.de\/index.php\/gallery\/circuit-zolder-truck-grand-prix-2014\/\"><em><strong>20.-21.09.2014<\/strong><\/em> &#8212; Circuit Zolder &#8211; <strong>Truck Grand Prix<\/strong><\/a><\/li>\n<\/ul>\n<h2>EF PIXX 2013<\/h2>\n<ul>\n<li><a title=\"Circuit Zolder ~ FIA GT Series 2013\" href=\"http:\/\/www.ef-pixx.de\/index.php\/gallery\/circuit-zolder-fia-gt-series-2013\/\"><em><strong>20.-21.04.2013 <\/strong><\/em>&#8212; Circuit Zolder &#8211; <strong>FIA GT <\/strong>Series<\/a><\/li>\n<li><a title=\"Kiesgrube Gablenz ~ Stockcar Challenge 2013\" href=\"http:\/\/www.ef-pixx.de\/index.php\/gallery\/kiesgrube-gablenz-stockcar-challenge-2013\/\"><strong><em>09.05.2013 <\/em><\/strong>&#8212; Kiesgrube Gablenz &#8211; <strong>StockCar<\/strong> Challenge<\/a><\/li>\n<li><a title=\"Circuit de Spa-Francorchamps ~ Porsche Days 2013\" href=\"http:\/\/www.ef-pixx.de\/index.php\/gallery\/circuit-de-spa-francorchamps-porsche-days-2013\/\"><em><strong>18.-19.05.2013 <\/strong><\/em>&#8212; Circuit de Spa-Francorchamps &#8211; <strong>Porsche<\/strong> Days<\/a><\/li>\n<li><a title=\"Flughafen Weeze \u2013 10-j\u00e4hriges Jubil\u00e4um des Flughafens\" href=\"http:\/\/www.ef-pixx.de\/index.php\/gallery\/flughafen-weeze-10-jaehriges-jubilaeum\/\"><em><strong>25.05.2013 <\/strong><\/em>&#8212; Flughafen Weeze &#8211; <strong>Airshow<\/strong> anl\u00e4sslich des 10-j\u00e4hrigen Jubil\u00e4ums des Flughafens<\/a><\/li>\n<li><a title=\"Sachsenring Hohenstein-Ernstthal ~ ADAC GT Masters 2013\" href=\"http:\/\/www.ef-pixx.de\/index.php\/gallery\/circuit-zolder-belgian-masters-2013\/\"><em><strong>07.-09.06.2013<\/strong><\/em> &#8212; Sachsenring Hohenstein-Ernstthal &#8211; <strong>ADAC GT Masters<\/strong> Weekend<\/a><\/li>\n<li><a title=\"Vliegbasis Volkel ~ Luchtmachtdagen 2013\" href=\"http:\/\/www.ef-pixx.de\/index.php\/gallery\/vliegbasis-volkel-luchtmachtdagen-2013\/\"><em><strong>13.-15.06.2013 <\/strong><\/em>&#8212; Vliegbasis Volkel &#8211; <strong>Luchtmachtdagen<\/strong><\/a><\/li>\n<li><a title=\"Fliegerhorst Wittmundhafen ~ Phantom Pharewell\" href=\"http:\/\/www.ef-pixx.de\/index.php\/gallery\/fliegerhorst-wittmundhafen-phantom-pharewell\/\"><em><strong>28.-29.06.2013 <\/strong><\/em>&#8212; Fliegerhorst Wittmundhafen &#8211; <strong>Phantom<\/strong> Pharewell<\/a><\/li>\n<li><a title=\"Tivoli Aachen ~ ran Jahrhundertspiel \u2013 Deutschland : Holland\" href=\"http:\/\/www.ef-pixx.de\/index.php\/gallery\/tivoli-aachen-ran-jahrhundertspiel-deutschland-holland\/\"><em><strong>07.07.2013<\/strong><\/em> &#8212; Tivoli Aachen &#8211; <strong>ran Jahrhundertspiel <\/strong>&#8212; Deutschland : Holland<\/a><\/li>\n<li><a title=\"RAF Fairford ~ Royal International Air Tattoo 2013 \u2013 Review\" href=\"http:\/\/www.ef-pixx.de\/index.php\/galerie\/luftfahrt\/riat-2013\/\"><em><strong>18.-22.07.2013<\/strong><\/em> &#8212; RAF Fairford &#8211; <strong>Royal International Air Tattoo<\/strong> ~ Review<\/a><\/li>\n<li><a title=\"Circuit Zolder ~ Race Festival 2013\" href=\"http:\/\/www.ef-pixx.de\/index.php\/gallery\/circuit-zolder-race-festival-2013\/\"><em><strong>17.-18.08.2013 <\/strong><\/em>&#8212; Circuit Zolder &#8211; <strong>Race Festival<\/strong><\/a><\/li>\n<li><a title=\"Vliegveld Leopoldsburg ~ 4. Sanicole Sunset Airshow\" href=\"http:\/\/www.ef-pixx.de\/index.php\/gallery\/vliegveld-leopoldsburg-4-sanicole-sunset-airshow\/\"><em><strong>13.09.2013<\/strong><\/em> &#8212; Vliegveld Leopoldsburg &#8211; 4. Sanicole Sunset<strong> Airshow<\/strong><\/a><\/li>\n<li><a title=\"Circuit de Spa-Francorchamps ~ Porsche Sports Cup 2013\" href=\"http:\/\/www.ef-pixx.de\/index.php\/gallery\/circuit-de-spa-francorchamps-porsche-sports-cup-2013\/\"><strong><em>14.09.2013 <\/em><\/strong>&#8212; Circuit de Spa-Francorchamps &#8211; <strong>Porsche <\/strong>Sports Cup<\/a><\/li>\n<li><a title=\"Vliegveld Leopoldsburg ~ 37. International Sanicole Airshow\" href=\"http:\/\/www.ef-pixx.de\/index.php\/gallery\/vliegveld-leopoldsburg-37-international-sanicole-airshow\/\"><strong><em>15.09.2013<\/em><\/strong> &#8212; Vliegveld Leopoldsburg &#8211; 37. International Sanicole <strong>Airshow<\/strong><\/a><\/li>\n<li><a title=\"Circuit Zolder ~ Truck Grand Prix 2013\" href=\"http:\/\/www.ef-pixx.de\/index.php\/gallery\/circuit-zolder-truck-grand-prix-2013\/\"><em><strong>21.09.2013 <\/strong><\/em>&#8212; Circuit Zolder &#8211; <strong>Truck Grand Prix<\/strong><\/a><\/li>\n<li><a title=\"Circuit Zolder ~ Belgian Masters 2013\" href=\"http:\/\/www.ef-pixx.de\/index.php\/gallery\/circuit-zolder-belgian-masters-2013\/\"><em><strong>12.-13.10.2013 <\/strong><\/em>&#8212; Circuit Zolder &#8211; <strong>Belgian Masters<\/strong><\/a><\/li>\n<\/ul>\n<h2>EF PIXX 2012<\/h2>\n<ul>\n<li><a title=\"Stockcar Challenge 2012\" href=\"http:\/\/www.ef-pixx.de\/index.php\/gallery\/kiesgrube-gablenz-stockcar-challenge-2012\/\"><strong><em>17.05.2012 <\/em><\/strong> &#8212; Kiesgrube Gablenz &#8211; <strong>StockCar<\/strong> Challenge<\/a><\/li>\n<li><a title=\"Sachsenring Hohenstein-Ernstthal ~ ADAC GT Masters 2012\" href=\"http:\/\/www.ef-pixx.de\/index.php\/gallery\/circuit-zolder-belgian-masters-2012\/\"><em><strong>08.-10.06.2012 <\/strong><\/em>&#8212; Sachsenring Hohenstein-Ernstthal &#8211; <strong>ADAC GT Masters<\/strong> Weekend<\/a><\/li>\n<li><a title=\"30-j\u00e4hriges Jubil\u00e4um der NATO Air Base Geilenkirchen\" href=\"http:\/\/www.ef-pixx.de\/index.php\/gallery\/nato-air-base-geilenkirchen-30-jaehriges-jubilaeum-des-e3a-verbands\/\"><em><strong>15.-18.06.2012<\/strong><\/em> &#8212; NATO Air Base Geilenkirchen &#8211; <em>30<\/em>-j\u00e4hriges Jubil\u00e4um des <strong>E-3A-Verbands<\/strong><\/a><\/li>\n<li><a title=\"Base A\u00e9rienne De Florennes \u2013 International Airshow 2012\" href=\"http:\/\/www.ef-pixx.de\/index.php\/gallery\/base-aerienne-de-florennes-international-airshow-2012\/\"><em><strong>23.06.2012 <\/strong><\/em>&#8212; Base A\u00e9rienne de Florennes &#8211; International <strong>Airshow<\/strong><\/a><\/li>\n<li><a title=\"Circuit de Spa Francorchamps ~ Porsche Sports Cup 2012\" href=\"http:\/\/www.ef-pixx.de\/index.php\/gallery\/circuit-de-spa-francorchamps-porsche-sports-cup-2012\/\"><em><strong>04.-05.08.2012<\/strong><\/em> &#8212; Circuit de Spa-Francorchamps &#8211; <strong>Porsche Sports Cup<\/strong><\/a><\/li>\n<li><a title=\"Circuit Zolder ~ Race Festival 2012\" href=\"http:\/\/www.ef-pixx.de\/index.php\/gallery\/circuit-zolder-race-festival-2012\/\"><em><strong>18.-19.08.2012 <\/strong><\/em>&#8212; Circuit Zolder &#8211; <strong>Race Festival<\/strong><\/a><\/li>\n<li><a title=\"Vliegveld Leopoldsburg ~ 36. International Sanicole Airshow\" href=\"http:\/\/www.ef-pixx.de\/index.php\/gallery\/vliegveld-leopoldsburg-36-international-sanicole-airshow\/\"><em><strong>14.+16.09.2012<\/strong><\/em> &#8212; Vliegveld Leopoldsburg &#8211; 36. International Sanicole <strong>Airshow<\/strong><\/a><\/li>\n<li><a title=\"Circuit Zolder ~ Truck Grand Prix 2012\" href=\"http:\/\/www.ef-pixx.de\/index.php\/gallery\/circuit-zolder-truck-grand-prix-2012\/\"><em><strong>22.09.2012 <\/strong><\/em>&#8212; Circuit Zolder &#8211; <strong>Truck Grand Prix<\/strong><\/a><\/li>\n<li><a title=\"Circuit de Spa-Francorchamps ~ Racing Festival 2012\" href=\"http:\/\/www.ef-pixx.de\/index.php\/gallery\/circuit-de-spa-francorchamps-racing-festival-2012\/\"><em><strong>14.10.2012 <\/strong><\/em>&#8212; Circuit de Spa-Francorchamps &#8211; <strong>Racing Festival<\/strong><\/a><\/li>\n<li><a title=\"MX-Strecke Tettau \u2013 Motocross Sachsenmeisterschaft 2012\" href=\"http:\/\/www.ef-pixx.de\/index.php\/gallery\/mx-strecke-tettau-motocross-sachsenmeisterschaft-2012\/\"><em><strong>20.10.2012<\/strong><\/em> &#8212; MX-Strecke Tettau &#8211; <strong>Motocross <\/strong>Sachsenmeisterschaft<\/a><\/li>\n<li><a title=\"Circuit Zolder ~ Belgian Masters 2012\" href=\"http:\/\/www.ef-pixx.de\/index.php\/gallery\/circuit-zolder-belgian-masters-2012\/\"><em><strong>20.-21.10.2012<\/strong><\/em> &#8212; Circuit Zolder &#8211; <strong>Belgian Masters<\/strong><\/a><\/li>\n<\/ul>\n<p>&nbsp;<\/p>\n<p>&nbsp;<\/p>\n","protected":false},"excerpt":{"rendered":"<p>EF PIXX 2023 08.-09.04.2023\u00a0&#8212; Circuit de Spa-Francorchamps &#8211; Porsche Days 01.07.2023 &#8212; Motorsportarena M\u00fclsen &#8211; ADAC Pocket Bike Cup 2023 12.07.2023 &#8212; Royal International Air Tattoo &#8211; Air to Air 13.07.2023 &#8212; Rich Goodwin Airshows &#8211; Air to Air 15.07.2023 &#8212; RAF Fairford &#8211; Royal International Air Tattoo 07.09.2023 &#8212; Belgian Air Force Days\u00a0&#8211; Air [&hellip;]<\/p>\n","protected":false},"author":2,"featured_media":0,"parent":0,"menu_order":0,"comment_status":"closed","ping_status":"closed","template":"","meta":[],"_links":{"self":[{"href":"https:\/\/www.ef-pixx.de\/index.php\/wp-json\/wp\/v2\/pages\/1454"}],"collection":[{"href":"https:\/\/www.ef-pixx.de\/index.php\/wp-json\/wp\/v2\/pages"}],"about":[{"href":"https:\/\/www.ef-pixx.de\/index.php\/wp-json\/wp\/v2\/types\/page"}],"author":[{"embeddable":true,"href":"https:\/\/www.ef-pixx.de\/index.php\/wp-json\/wp\/v2\/users\/2"}],"replies":[{"embeddable":true,"href":"https:\/\/www.ef-pixx.de\/index.php\/wp-json\/wp\/v2\/comments?post=1454"}],"version-history":[{"count":172,"href":"https:\/\/www.ef-pixx.de\/index.php\/wp-json\/wp\/v2\/pages\/1454\/revisions"}],"predecessor-version":[{"id":12922,"href":"https:\/\/www.ef-pixx.de\/index.php\/wp-json\/wp\/v2\/pages\/1454\/revisions\/12922"}],"wp:attachment":[{"href":"https:\/\/www.ef-pixx.de\/index.php\/wp-json\/wp\/v2\/media?parent=1454"}],"curies":[{"name":"wp","href":"https:\/\/api.w.org\/{rel}","templated":true}]}}