{"id":155,"date":"2012-03-02T21:14:28","date_gmt":"2012-03-02T20:14:28","guid":{"rendered":"http:\/\/www.ef-pixx.de\/?page_id=155"},"modified":"2020-11-01T11:33:25","modified_gmt":"2020-11-01T10:33:25","slug":"impressum-datenschutz","status":"publish","type":"page","link":"https:\/\/www.ef-pixx.de\/index.php\/impressum-datenschutz\/","title":{"rendered":"Impressum &#038; Datenschutz"},"content":{"rendered":"<h3 style=\"text-align: left;\">EF PIXX ~ Motorsportfotografie<\/h3>\n<p>&nbsp;<\/p>\n<p>E-Mail:\u00a0 \u00a0info@ef-pixx.de<\/p>\n<div class=\"one_half\">\nLennart Ebersbach<br \/>\nWeberstra\u00dfe 19<br \/>\n52064 Aachen<br \/>\nTelefon: +49 (0) 160 52 11 985<br \/>\n<\/div>\n<div class=\"one_half_last\">\nAndr\u00e9 Fehrling<br \/>\nWeberstra\u00dfe 6<br \/>\n08393 Meerane<br \/>\nTelefon: +49 (0) 172 31 50 404<br \/>\n<\/div><div class=\"clear\"><\/div>\n<p>&nbsp;<\/p>\n<p>&nbsp;<\/p>\n<p>Haftungshinweis:<\/p>\n<p style=\"text-align: justify;\">Die Inhalte dieser Seiten werden mit gr\u00f6\u00dfter Sorgfalt erstellt. F\u00fcr deren Richtigkeit, Vollst\u00e4ndigkeit, Aktualit\u00e4t und Qualit\u00e4t wird keine Haftung \u00fcbernommen. Alle Ver\u00f6ffentlichungen auf diesen Seiten unterliegen dem deutschen Urheberrecht. Beispielbilder d\u00fcrfen nur als Platzhalter verwendet werden. F\u00fcr die Inhalte externer Links zeichnet allein der jeweilige Betreiber dieser Seiten verantwortlich. Bei Bekanntwerden von Rechtsverletzungen werden diese Links umgehend entfernt.<\/p>\n<p>&nbsp;<\/p>\n<p>&nbsp;<\/p>\n<h5>Gestaltung, Programmierung und Druck:<\/h5>\n<div class=\"one_third\">\n<p>Webdesign<br \/>\nT[e]lino design \u2013 Werbemensch<br \/>\n<a href=\"http:\/\/www.t-lino.de\" target=\"blank\" rel=\"noopener noreferrer\">www.t-lino.de<\/a><\/p>\n<\/div>\n<div class=\"one_third\">\n<\/div>\n<div class=\"one_third_last\">\n<p>Druck &amp; Design<br \/>\ncedeko werbung<br \/>\n<a title=\"cedeko werbung\" href=\"http:\/\/www.werbung-zwickau-land.de\" target=\"_blank\" rel=\"noopener noreferrer\">www.cedeko.de<\/a><\/p>\n<\/div><div class=\"clear\"><\/div>\n<p>&nbsp;<\/p>\n<h4>Datenschutzerkl\u00e4rung<\/h4>\n<p>&nbsp;<\/p>\n<p><strong><b>\u00a7 1 <\/b>Webanalyse mit Google<\/strong><\/p>\n<p>Diese Website benutzt Google Analytics und Google Remarketing, Dienste der Google Inc. (\u201eGoogle\u201c). Google Analytics und Google Remarketing verwendet sog.\u201cCookies\u201c, Textdateien, die auf Ihrem Computer gespeichert werden und die eine Analyse der Benutzung der Website durch Sie erm\u00f6glichen. Die durch den Cookie erzeugten Informationen \u00fcber Ihre Benutzung dieser Website werden in der Regel an einen Server von Google in den USA \u00fcbertragen und dort gespeichert. Im Falle der Aktivierung der IP-Anonymisierung auf dieser Webseite, wird Ihre IP-Adresse von Google jedoch innerhalb von Mitgliedstaaten der Europ\u00e4ischen Union oder in anderen Vertragsstaaten des Abkommens \u00fcber den Europ\u00e4ischen Wirtschaftsraum zuvor gek\u00fcrzt. Nur in Ausnahmef\u00e4llen wird die volle IP-Adresse an einen Server von Google in den USA \u00fcbertragen und dort gek\u00fcrzt. Im Auftrag des Betreibers dieser Website wird Google diese Informationen benutzen, um Ihre Nutzung der Website auszuwerten, um Reports \u00fcber die Websiteaktivit\u00e4ten zusammenzustellen und um weitere mit der Websitenutzung und der Internetnutzung verbundene Dienstleistungen gegen\u00fcber dem Websitebetreiber zu erbringen. Die im Rahmen von Google Analytics von Ihrem Browser \u00fcbermittelte IP-Adresse wird nicht mit anderen Daten von Google zusammengef\u00fchrt. Sie k\u00f6nnen die Speicherung der Cookies durch eine entsprechende Einstellung Ihrer Browser-Software verhindern; wir weisen Sie jedoch darauf hin, dass Sie in diesem Fall gegebenenfalls nicht s\u00e4mtliche Funktionen dieser Website vollumf\u00e4nglich werden nutzen k\u00f6nnen.<\/p>\n<p>Sie k\u00f6nnen dar\u00fcber hinaus die Erfassung der durch das Cookie erzeugten und auf Ihre Nutzung der Website bezogenen Daten (inkl. Ihrer IP-Adresse) an Google sowie die Verarbeitung dieser Daten durch Google verhindern, indem Sie das unter dem folgenden Link verf\u00fcgbare Browser-Plugin herunterladen und installieren: <a class=\"text\" href=\"http:\/\/tools.google.com\/dlpage\/gaoptout?hl=de\" target=\"_blank\" rel=\"nofollow noopener noreferrer\">Plugin<\/a><\/p>\n<p>Sie k\u00f6nnen die Erfassung durch Google Analytics verhindern, indem Sie auf folgenden Link klicken. Es wird ein Opt-Out-Cookie gesetzt, der die zuk\u00fcnftige Erfassung Ihrer Daten beim Besuch dieser Website verhindert.<\/p>\n<p>Wir weisen Sie darauf hin, dass auf dieser Website Google Analytics um den Code \u201egat._anonymizeIp();\u201c erweitert wurde, um eine anonymisierte Erfassung von IP-Adressen (sog. IP-Masking) zu gew\u00e4hrleisten.<br \/>\nWir nutzen Google Analytics zudem dazu, Daten aus AdWords und dem Double-Click-Cookie zu statistischen Zwecken auszuwerten. Sollten Sie dies nicht w\u00fcnschen, k\u00f6nnen Sie dies \u00fcber den Anzeigenvorgaben-Manager (<a href=\"http:\/\/www.google.com\/settings\/ads\/onweb\/?hl=de\" target=\"_blank\" rel=\"nofollow noopener noreferrer\">http:\/\/www.google.com\/settings\/ads\/onweb\/?hl=de<\/a>) deaktivieren.<\/p>\n<p>N\u00e4here Informationen zu Nutzungsbedingungen und Datenschutz finden Sie hier:<br \/>\n<a href=\"http:\/\/www.google.com\/analytics\/terms\/de.html\" target=\"_blank\" rel=\"nofollow noopener noreferrer\">http:\/\/www.google.com\/analytics\/terms\/de.html<\/a><br \/>\n<a href=\"http:\/\/www.google.com\/intl\/de\/analytics\/privacyoverview.html\" target=\"_blank\" rel=\"nofollow noopener noreferrer\">http:\/\/www.google.com\/intl\/de\/analytics\/privacyoverview.html<\/a>.<\/p>\n<p>&nbsp;<\/p>\n<p><strong><b>\u00a7 2 <\/b>Informationen \u00fcber Cookies<\/strong><\/p>\n<p>Die Internetseiten verwenden an mehreren Stellen so genannte Cookies. Sie dienen dazu, unser Angebot nutzerfreundlicher, effektiver und sicherer zu machen. Cookies sind kleine Textdateien, die auf Ihrem Rechner abgelegt werden und die Ihr Browser speichert. Die meisten der von uns verwendeten Cookies sind so genannte \u201eSession-Cookies\u201c. Sie werden nach Ende Ihres Besuchs automatisch gel\u00f6scht.<br \/>\nCookies richten auf Ihrem Rechner keinen Schaden an und enthalten keine Viren. Sie k\u00f6nnen die Installation der Cookies durch eine entsprechende Einstellung Ihrer Browsersoftware verhindern. Wir weisen Sie jedoch darauf hin, dass Sie in diesem Fall ggf. nicht s\u00e4mtliche Funktionen dieser Internetseite vollumf\u00e4nglich nutzen k\u00f6nnen.<\/p>\n<p>&nbsp;<\/p>\n<p><strong>\u00a7 3 Auskunft<\/strong><\/p>\n<p>Nach dem Bundesdatenschutzgesetz haben Sie ein Recht auf unentgeltliche Auskunft \u00fcber Ihre gespeicherten Daten sowie ggf. ein Recht auf Berichtigung, Sperrung oder L\u00f6schung dieser Daten. Fragen k\u00f6nnen Sie z. B. \u00fcber die folgende E-Mail-Adresse stellen: info@ef-pixx.de<\/p>\n<p>&nbsp;<\/p>\n<p><em>Quelle: www.datenschutzbeauftragter-info.de<\/em><\/p>\n","protected":false},"excerpt":{"rendered":"<p>EF PIXX ~ Motorsportfotografie &nbsp; E-Mail:\u00a0 \u00a0info@ef-pixx.de &nbsp; &nbsp; Haftungshinweis: Die Inhalte dieser Seiten werden mit gr\u00f6\u00dfter Sorgfalt erstellt. F\u00fcr deren Richtigkeit, Vollst\u00e4ndigkeit, Aktualit\u00e4t und Qualit\u00e4t wird keine Haftung \u00fcbernommen. Alle Ver\u00f6ffentlichungen auf diesen Seiten unterliegen dem deutschen Urheberrecht. Beispielbilder d\u00fcrfen nur als Platzhalter verwendet werden. F\u00fcr die Inhalte externer Links zeichnet allein der jeweilige [&hellip;]<\/p>\n","protected":false},"author":2,"featured_media":0,"parent":0,"menu_order":0,"comment_status":"closed","ping_status":"closed","template":"","meta":[],"_links":{"self":[{"href":"https:\/\/www.ef-pixx.de\/index.php\/wp-json\/wp\/v2\/pages\/155"}],"collection":[{"href":"https:\/\/www.ef-pixx.de\/index.php\/wp-json\/wp\/v2\/pages"}],"about":[{"href":"https:\/\/www.ef-pixx.de\/index.php\/wp-json\/wp\/v2\/types\/page"}],"author":[{"embeddable":true,"href":"https:\/\/www.ef-pixx.de\/index.php\/wp-json\/wp\/v2\/users\/2"}],"replies":[{"embeddable":true,"href":"https:\/\/www.ef-pixx.de\/index.php\/wp-json\/wp\/v2\/comments?post=155"}],"version-history":[{"count":67,"href":"https:\/\/www.ef-pixx.de\/index.php\/wp-json\/wp\/v2\/pages\/155\/revisions"}],"predecessor-version":[{"id":11116,"href":"https:\/\/www.ef-pixx.de\/index.php\/wp-json\/wp\/v2\/pages\/155\/revisions\/11116"}],"wp:attachment":[{"href":"https:\/\/www.ef-pixx.de\/index.php\/wp-json\/wp\/v2\/media?parent=155"}],"curies":[{"name":"wp","href":"https:\/\/api.w.org\/{rel}","templated":true}]}}