{"id":299,"date":"2012-03-04T16:52:17","date_gmt":"2012-03-04T15:52:17","guid":{"rendered":"http:\/\/www.ef-pixx.de\/?page_id=299"},"modified":"2021-10-05T23:17:31","modified_gmt":"2021-10-05T21:17:31","slug":"profil","status":"publish","type":"page","link":"https:\/\/www.ef-pixx.de\/index.php\/profil\/","title":{"rendered":"PROFIL"},"content":{"rendered":"<h2>T\u00e4tigkeitsbereiche:<\/h2>\n<ul>\n<li>Motorsport<\/li>\n<li>Luftfahrt<\/li>\n<li>Sport<\/li>\n<\/ul>\n<h2>Leistungen:<\/h2>\n<ul>\n<li>fotografische Begleitung f\u00fcr Rennteams, Privatpersonen und Vereine<\/li>\n<li>Poster- und Kalenderdruck<\/li>\n<li>Digitalbilder und Abz\u00fcge<\/li>\n<li>Bildbearbeitung<\/li>\n<\/ul>\n<h2>Rennstrecken:<\/h2>\n<p>Enduropark Bilstain (B) &#8212; EuroSpeedway Lausitz (D)\u00a0&#8212; Erzgebirgsring Lichtenberg (D) &#8212;\u00a0N\u00fcrburgring Grand Prix &amp;\u00a0Nordschleife (D)\u00a0&#8212; Motopark Oschersleben (D)\u00a0&#8212;\u00a0Sachsenring (D) &#8212; Circuit De Spa-Francorchamps (B)\u00a0&#8212; Circuit Zolder (B)<\/p>\n<h2>Flugpl\u00e4tze:<\/h2>\n<p>Flugplatz Aachen Merzbr\u00fcck (D) &#8212; Royal Air Force Station Brize Norton (GB) &#8212; Brussels Airport (B) &#8212; Fliegerhorst B\u00fcchel (D) &#8212; Dunsfold Aerodrome (GB) &#8212; Eindhoven Airport (NL) &#8212; Royal Air Force Station Fairford (GB) &#8212; Base A\u00e9rienne De Florennes (B) &#8212; Flughafen Frankfurt Hahn (D) &#8212; NATO Air Base Geilenkirchen (D) &#8212; Vliegbasis Gilze Rijen (NL) &#8212; Vliegbasis Kleine Brogel (B) &#8212; Vliegbasis Leeuwarden (NL) &#8212; Flughafen Leipzig\/Halle (D) &#8212;\u00a0 Vliegveld Leopoldsburg (B) &#8212; A\u00e9roport De Li\u00e8ge (B) &#8212; Maastricht-Aachen Airport (NL) &#8212; Fliegerhorst Neuburg (D) &#8212; Fliegerhorst N\u00f6rvenich (D) &#8212; Internationale Luchthaven Oostende-Brugge (B) &#8212; Ramstein Air Base (D) &#8212; Fliegerhorst Schleswig (D) &#8212; Spangdahlem Air Base (D) &#8212; Vliegbasis Volkel (NL) &#8212; Flughafen Weeze (D) &#8212; Fliegerhorst Wittmundhafen (D)<\/p>\n","protected":false},"excerpt":{"rendered":"<p>T\u00e4tigkeitsbereiche: Motorsport Luftfahrt Sport Leistungen: fotografische Begleitung f\u00fcr Rennteams, Privatpersonen und Vereine Poster- und Kalenderdruck Digitalbilder und Abz\u00fcge Bildbearbeitung Rennstrecken: Enduropark Bilstain (B) &#8212; EuroSpeedway Lausitz (D)\u00a0&#8212; Erzgebirgsring Lichtenberg (D) &#8212;\u00a0N\u00fcrburgring Grand Prix &amp;\u00a0Nordschleife (D)\u00a0&#8212; Motopark Oschersleben (D)\u00a0&#8212;\u00a0Sachsenring (D) &#8212; Circuit De Spa-Francorchamps (B)\u00a0&#8212; Circuit Zolder (B) Flugpl\u00e4tze: Flugplatz Aachen Merzbr\u00fcck (D) &#8212; Royal Air [&hellip;]<\/p>\n","protected":false},"author":2,"featured_media":0,"parent":0,"menu_order":0,"comment_status":"closed","ping_status":"closed","template":"","meta":[],"_links":{"self":[{"href":"https:\/\/www.ef-pixx.de\/index.php\/wp-json\/wp\/v2\/pages\/299"}],"collection":[{"href":"https:\/\/www.ef-pixx.de\/index.php\/wp-json\/wp\/v2\/pages"}],"about":[{"href":"https:\/\/www.ef-pixx.de\/index.php\/wp-json\/wp\/v2\/types\/page"}],"author":[{"embeddable":true,"href":"https:\/\/www.ef-pixx.de\/index.php\/wp-json\/wp\/v2\/users\/2"}],"replies":[{"embeddable":true,"href":"https:\/\/www.ef-pixx.de\/index.php\/wp-json\/wp\/v2\/comments?post=299"}],"version-history":[{"count":59,"href":"https:\/\/www.ef-pixx.de\/index.php\/wp-json\/wp\/v2\/pages\/299\/revisions"}],"predecessor-version":[{"id":11619,"href":"https:\/\/www.ef-pixx.de\/index.php\/wp-json\/wp\/v2\/pages\/299\/revisions\/11619"}],"wp:attachment":[{"href":"https:\/\/www.ef-pixx.de\/index.php\/wp-json\/wp\/v2\/media?parent=299"}],"curies":[{"name":"wp","href":"https:\/\/api.w.org\/{rel}","templated":true}]}}