{"id":6774,"date":"2014-09-03T23:36:57","date_gmt":"2014-09-03T21:36:57","guid":{"rendered":"http:\/\/www.ef-pixx.de\/?page_id=6774"},"modified":"2016-06-29T20:41:24","modified_gmt":"2016-06-29T18:41:24","slug":"merzbrueck-100-jahre","status":"publish","type":"page","link":"https:\/\/www.ef-pixx.de\/index.php\/galerie\/luftfahrt\/merzbrueck-100-jahre\/","title":{"rendered":"Flugplatz Aachen-Merzbr\u00fcck ~ 100-j\u00e4hriges Jubil\u00e4um des Flugplatzes"},"content":{"rendered":"<hr \/>\n<p>&nbsp;<\/p>\n<p style=\"text-align: center;\"><img decoding=\"async\" loading=\"lazy\" class=\"aligncenter\" style=\"border: 8px outset grey;\" alt=\"\" src=\"http:\/\/www.ef-pixx.de\/wp-content\/uploads\/2014\/09\/AMB000.jpg\" width=\"717\" height=\"362\" \/><\/p>\n<div id='gallery-1' class='gallery galleryid-6774 gallery-columns-4 gallery-size-thumbnail'><figure class='gallery-item'>\n\t\t\t<div class='gallery-icon landscape'>\n\t\t\t\t<a href='https:\/\/www.ef-pixx.de\/wp-content\/uploads\/2014\/09\/AMB032.jpg'><img width=\"150\" height=\"150\" src=\"https:\/\/www.ef-pixx.de\/wp-content\/uploads\/2014\/09\/AMB032-150x150.jpg\" class=\"attachment-thumbnail size-thumbnail\" alt=\"\" decoding=\"async\" loading=\"lazy\" data-full-size=\"1024x647\" \/><\/a>\n\t\t\t<\/div><\/figure><figure class='gallery-item'>\n\t\t\t<div class='gallery-icon landscape'>\n\t\t\t\t<a href='https:\/\/www.ef-pixx.de\/wp-content\/uploads\/2014\/09\/AMB008.jpg'><img width=\"150\" height=\"150\" src=\"https:\/\/www.ef-pixx.de\/wp-content\/uploads\/2014\/09\/AMB008-150x150.jpg\" class=\"attachment-thumbnail size-thumbnail\" alt=\"\" decoding=\"async\" loading=\"lazy\" data-full-size=\"1024x605\" \/><\/a>\n\t\t\t<\/div><\/figure><figure class='gallery-item'>\n\t\t\t<div class='gallery-icon landscape'>\n\t\t\t\t<a href='https:\/\/www.ef-pixx.de\/wp-content\/uploads\/2014\/09\/AMB004.jpg'><img width=\"150\" height=\"150\" src=\"https:\/\/www.ef-pixx.de\/wp-content\/uploads\/2014\/09\/AMB004-150x150.jpg\" class=\"attachment-thumbnail size-thumbnail\" alt=\"\" decoding=\"async\" loading=\"lazy\" data-full-size=\"1024x578\" \/><\/a>\n\t\t\t<\/div><\/figure><figure class='gallery-item'>\n\t\t\t<div class='gallery-icon landscape'>\n\t\t\t\t<a href='https:\/\/www.ef-pixx.de\/wp-content\/uploads\/2014\/09\/AMB022.jpg'><img width=\"150\" height=\"150\" src=\"https:\/\/www.ef-pixx.de\/wp-content\/uploads\/2014\/09\/AMB022-150x150.jpg\" class=\"attachment-thumbnail size-thumbnail\" alt=\"\" decoding=\"async\" loading=\"lazy\" data-full-size=\"1024x587\" \/><\/a>\n\t\t\t<\/div><\/figure><figure class='gallery-item'>\n\t\t\t<div class='gallery-icon landscape'>\n\t\t\t\t<a href='https:\/\/www.ef-pixx.de\/wp-content\/uploads\/2014\/09\/AMB020.jpg'><img width=\"150\" height=\"150\" src=\"https:\/\/www.ef-pixx.de\/wp-content\/uploads\/2014\/09\/AMB020-150x150.jpg\" class=\"attachment-thumbnail size-thumbnail\" alt=\"\" decoding=\"async\" loading=\"lazy\" data-full-size=\"1024x670\" \/><\/a>\n\t\t\t<\/div><\/figure><figure class='gallery-item'>\n\t\t\t<div class='gallery-icon landscape'>\n\t\t\t\t<a href='https:\/\/www.ef-pixx.de\/wp-content\/uploads\/2014\/09\/AMB030.jpg'><img width=\"150\" height=\"150\" src=\"https:\/\/www.ef-pixx.de\/wp-content\/uploads\/2014\/09\/AMB030-150x150.jpg\" class=\"attachment-thumbnail size-thumbnail\" alt=\"\" decoding=\"async\" loading=\"lazy\" data-full-size=\"1024x622\" \/><\/a>\n\t\t\t<\/div><\/figure><figure class='gallery-item'>\n\t\t\t<div class='gallery-icon landscape'>\n\t\t\t\t<a href='https:\/\/www.ef-pixx.de\/wp-content\/uploads\/2014\/09\/AMB006.jpg'><img width=\"150\" height=\"150\" src=\"https:\/\/www.ef-pixx.de\/wp-content\/uploads\/2014\/09\/AMB006-e1409780128581-150x150.jpg\" class=\"attachment-thumbnail size-thumbnail\" alt=\"\" decoding=\"async\" loading=\"lazy\" data-full-size=\"1024x567\" \/><\/a>\n\t\t\t<\/div><\/figure><figure class='gallery-item'>\n\t\t\t<div class='gallery-icon landscape'>\n\t\t\t\t<a href='https:\/\/www.ef-pixx.de\/wp-content\/uploads\/2014\/09\/AMB026.jpg'><img width=\"150\" height=\"150\" src=\"https:\/\/www.ef-pixx.de\/wp-content\/uploads\/2014\/09\/AMB026-150x150.jpg\" class=\"attachment-thumbnail size-thumbnail\" alt=\"\" decoding=\"async\" loading=\"lazy\" data-full-size=\"1024x557\" \/><\/a>\n\t\t\t<\/div><\/figure><figure class='gallery-item'>\n\t\t\t<div class='gallery-icon landscape'>\n\t\t\t\t<a href='https:\/\/www.ef-pixx.de\/wp-content\/uploads\/2014\/09\/AMB028.jpg'><img width=\"150\" height=\"150\" src=\"https:\/\/www.ef-pixx.de\/wp-content\/uploads\/2014\/09\/AMB028-150x150.jpg\" class=\"attachment-thumbnail size-thumbnail\" alt=\"\" decoding=\"async\" loading=\"lazy\" data-full-size=\"1024x566\" \/><\/a>\n\t\t\t<\/div><\/figure><figure class='gallery-item'>\n\t\t\t<div class='gallery-icon landscape'>\n\t\t\t\t<a href='https:\/\/www.ef-pixx.de\/wp-content\/uploads\/2014\/09\/AMB024.jpg'><img width=\"150\" height=\"150\" src=\"https:\/\/www.ef-pixx.de\/wp-content\/uploads\/2014\/09\/AMB024-150x150.jpg\" class=\"attachment-thumbnail size-thumbnail\" alt=\"\" decoding=\"async\" loading=\"lazy\" data-full-size=\"1024x605\" \/><\/a>\n\t\t\t<\/div><\/figure><figure class='gallery-item'>\n\t\t\t<div class='gallery-icon landscape'>\n\t\t\t\t<a href='https:\/\/www.ef-pixx.de\/wp-content\/uploads\/2014\/09\/AMB035.jpg'><img width=\"150\" height=\"150\" src=\"https:\/\/www.ef-pixx.de\/wp-content\/uploads\/2014\/09\/AMB035-e1409780046837-150x150.jpg\" class=\"attachment-thumbnail size-thumbnail\" alt=\"\" decoding=\"async\" loading=\"lazy\" data-full-size=\"1024x629\" \/><\/a>\n\t\t\t<\/div><\/figure><figure class='gallery-item'>\n\t\t\t<div class='gallery-icon landscape'>\n\t\t\t\t<a href='https:\/\/www.ef-pixx.de\/wp-content\/uploads\/2014\/09\/AMB029.jpg'><img width=\"150\" height=\"150\" src=\"https:\/\/www.ef-pixx.de\/wp-content\/uploads\/2014\/09\/AMB029-150x150.jpg\" class=\"attachment-thumbnail size-thumbnail\" alt=\"\" decoding=\"async\" loading=\"lazy\" data-full-size=\"1024x622\" \/><\/a>\n\t\t\t<\/div><\/figure><figure class='gallery-item'>\n\t\t\t<div class='gallery-icon landscape'>\n\t\t\t\t<a href='https:\/\/www.ef-pixx.de\/wp-content\/uploads\/2014\/09\/AMB019.jpg'><img width=\"150\" height=\"150\" src=\"https:\/\/www.ef-pixx.de\/wp-content\/uploads\/2014\/09\/AMB019-e1409780005973-150x150.jpg\" class=\"attachment-thumbnail size-thumbnail\" alt=\"\" decoding=\"async\" loading=\"lazy\" data-full-size=\"1024x598\" \/><\/a>\n\t\t\t<\/div><\/figure><figure class='gallery-item'>\n\t\t\t<div class='gallery-icon landscape'>\n\t\t\t\t<a href='https:\/\/www.ef-pixx.de\/wp-content\/uploads\/2014\/09\/AMB010.jpg'><img width=\"150\" height=\"150\" src=\"https:\/\/www.ef-pixx.de\/wp-content\/uploads\/2014\/09\/AMB010-150x150.jpg\" class=\"attachment-thumbnail size-thumbnail\" alt=\"\" decoding=\"async\" loading=\"lazy\" data-full-size=\"1024x618\" \/><\/a>\n\t\t\t<\/div><\/figure><figure class='gallery-item'>\n\t\t\t<div class='gallery-icon landscape'>\n\t\t\t\t<a href='https:\/\/www.ef-pixx.de\/wp-content\/uploads\/2014\/09\/AMB002.jpg'><img width=\"150\" height=\"150\" src=\"https:\/\/www.ef-pixx.de\/wp-content\/uploads\/2014\/09\/AMB002-e1409779985432-150x150.jpg\" class=\"attachment-thumbnail size-thumbnail\" alt=\"\" decoding=\"async\" loading=\"lazy\" data-full-size=\"1024x594\" \/><\/a>\n\t\t\t<\/div><\/figure><figure class='gallery-item'>\n\t\t\t<div class='gallery-icon landscape'>\n\t\t\t\t<a href='https:\/\/www.ef-pixx.de\/wp-content\/uploads\/2014\/09\/AMB001.jpg'><img width=\"150\" height=\"150\" src=\"https:\/\/www.ef-pixx.de\/wp-content\/uploads\/2014\/09\/AMB001-150x150.jpg\" class=\"attachment-thumbnail size-thumbnail\" alt=\"\" decoding=\"async\" loading=\"lazy\" data-full-size=\"1024x617\" \/><\/a>\n\t\t\t<\/div><\/figure><figure class='gallery-item'>\n\t\t\t<div class='gallery-icon landscape'>\n\t\t\t\t<a href='https:\/\/www.ef-pixx.de\/wp-content\/uploads\/2014\/09\/AMB021.jpg'><img width=\"150\" height=\"150\" src=\"https:\/\/www.ef-pixx.de\/wp-content\/uploads\/2014\/09\/AMB021-150x150.jpg\" class=\"attachment-thumbnail size-thumbnail\" alt=\"\" decoding=\"async\" loading=\"lazy\" data-full-size=\"1024x546\" \/><\/a>\n\t\t\t<\/div><\/figure><figure class='gallery-item'>\n\t\t\t<div class='gallery-icon landscape'>\n\t\t\t\t<a href='https:\/\/www.ef-pixx.de\/wp-content\/uploads\/2014\/09\/AMB017.jpg'><img width=\"150\" height=\"150\" src=\"https:\/\/www.ef-pixx.de\/wp-content\/uploads\/2014\/09\/AMB017-150x150.jpg\" class=\"attachment-thumbnail size-thumbnail\" alt=\"\" decoding=\"async\" loading=\"lazy\" data-full-size=\"1024x618\" \/><\/a>\n\t\t\t<\/div><\/figure><figure class='gallery-item'>\n\t\t\t<div class='gallery-icon landscape'>\n\t\t\t\t<a href='https:\/\/www.ef-pixx.de\/wp-content\/uploads\/2014\/09\/AMB009.jpg'><img width=\"150\" height=\"150\" src=\"https:\/\/www.ef-pixx.de\/wp-content\/uploads\/2014\/09\/AMB009-150x150.jpg\" class=\"attachment-thumbnail size-thumbnail\" alt=\"\" decoding=\"async\" loading=\"lazy\" data-full-size=\"1024x544\" \/><\/a>\n\t\t\t<\/div><\/figure><figure class='gallery-item'>\n\t\t\t<div class='gallery-icon landscape'>\n\t\t\t\t<a href='https:\/\/www.ef-pixx.de\/wp-content\/uploads\/2014\/09\/AMB027.jpg'><img width=\"150\" height=\"150\" src=\"https:\/\/www.ef-pixx.de\/wp-content\/uploads\/2014\/09\/AMB027-150x150.jpg\" class=\"attachment-thumbnail size-thumbnail\" alt=\"\" decoding=\"async\" loading=\"lazy\" data-full-size=\"1024x666\" \/><\/a>\n\t\t\t<\/div><\/figure><figure class='gallery-item'>\n\t\t\t<div class='gallery-icon landscape'>\n\t\t\t\t<a href='https:\/\/www.ef-pixx.de\/wp-content\/uploads\/2014\/09\/AMB018.jpg'><img width=\"150\" height=\"150\" src=\"https:\/\/www.ef-pixx.de\/wp-content\/uploads\/2014\/09\/AMB018-150x150.jpg\" class=\"attachment-thumbnail size-thumbnail\" alt=\"\" decoding=\"async\" loading=\"lazy\" data-full-size=\"1024x582\" \/><\/a>\n\t\t\t<\/div><\/figure><figure class='gallery-item'>\n\t\t\t<div class='gallery-icon landscape'>\n\t\t\t\t<a href='https:\/\/www.ef-pixx.de\/wp-content\/uploads\/2014\/09\/AMB034.jpg'><img width=\"150\" height=\"150\" src=\"https:\/\/www.ef-pixx.de\/wp-content\/uploads\/2014\/09\/AMB034-150x150.jpg\" class=\"attachment-thumbnail size-thumbnail\" alt=\"\" decoding=\"async\" loading=\"lazy\" data-full-size=\"1024x525\" \/><\/a>\n\t\t\t<\/div><\/figure><figure class='gallery-item'>\n\t\t\t<div class='gallery-icon landscape'>\n\t\t\t\t<a href='https:\/\/www.ef-pixx.de\/wp-content\/uploads\/2014\/09\/AMB016.jpg'><img width=\"150\" height=\"150\" src=\"https:\/\/www.ef-pixx.de\/wp-content\/uploads\/2014\/09\/AMB016-150x150.jpg\" class=\"attachment-thumbnail size-thumbnail\" alt=\"\" decoding=\"async\" loading=\"lazy\" data-full-size=\"1024x611\" \/><\/a>\n\t\t\t<\/div><\/figure><figure class='gallery-item'>\n\t\t\t<div class='gallery-icon landscape'>\n\t\t\t\t<a href='https:\/\/www.ef-pixx.de\/wp-content\/uploads\/2014\/09\/AMB011.jpg'><img width=\"150\" height=\"150\" src=\"https:\/\/www.ef-pixx.de\/wp-content\/uploads\/2014\/09\/AMB011-150x150.jpg\" class=\"attachment-thumbnail size-thumbnail\" alt=\"\" decoding=\"async\" loading=\"lazy\" data-full-size=\"1024x599\" \/><\/a>\n\t\t\t<\/div><\/figure><figure class='gallery-item'>\n\t\t\t<div class='gallery-icon landscape'>\n\t\t\t\t<a href='https:\/\/www.ef-pixx.de\/wp-content\/uploads\/2014\/09\/AMB005.jpg'><img width=\"150\" height=\"150\" src=\"https:\/\/www.ef-pixx.de\/wp-content\/uploads\/2014\/09\/AMB005-150x150.jpg\" class=\"attachment-thumbnail size-thumbnail\" alt=\"\" decoding=\"async\" loading=\"lazy\" data-full-size=\"1024x683\" \/><\/a>\n\t\t\t<\/div><\/figure><figure class='gallery-item'>\n\t\t\t<div class='gallery-icon landscape'>\n\t\t\t\t<a href='https:\/\/www.ef-pixx.de\/wp-content\/uploads\/2014\/09\/AMB031.jpg'><img width=\"150\" height=\"150\" src=\"https:\/\/www.ef-pixx.de\/wp-content\/uploads\/2014\/09\/AMB031-150x150.jpg\" class=\"attachment-thumbnail size-thumbnail\" alt=\"\" decoding=\"async\" loading=\"lazy\" data-full-size=\"1024x568\" \/><\/a>\n\t\t\t<\/div><\/figure><figure class='gallery-item'>\n\t\t\t<div class='gallery-icon landscape'>\n\t\t\t\t<a href='https:\/\/www.ef-pixx.de\/wp-content\/uploads\/2014\/09\/AMB036.jpg'><img width=\"150\" height=\"150\" src=\"https:\/\/www.ef-pixx.de\/wp-content\/uploads\/2014\/09\/AMB036-150x150.jpg\" class=\"attachment-thumbnail size-thumbnail\" alt=\"\" decoding=\"async\" loading=\"lazy\" data-full-size=\"1024x575\" \/><\/a>\n\t\t\t<\/div><\/figure><figure class='gallery-item'>\n\t\t\t<div class='gallery-icon landscape'>\n\t\t\t\t<a href='https:\/\/www.ef-pixx.de\/wp-content\/uploads\/2014\/09\/AMB025.jpg'><img width=\"150\" height=\"150\" src=\"https:\/\/www.ef-pixx.de\/wp-content\/uploads\/2014\/09\/AMB025-150x150.jpg\" class=\"attachment-thumbnail size-thumbnail\" alt=\"\" decoding=\"async\" loading=\"lazy\" data-full-size=\"1024x633\" \/><\/a>\n\t\t\t<\/div><\/figure><figure class='gallery-item'>\n\t\t\t<div class='gallery-icon landscape'>\n\t\t\t\t<a href='https:\/\/www.ef-pixx.de\/wp-content\/uploads\/2014\/09\/AMB003.jpg'><img width=\"150\" height=\"150\" src=\"https:\/\/www.ef-pixx.de\/wp-content\/uploads\/2014\/09\/AMB003-150x150.jpg\" class=\"attachment-thumbnail size-thumbnail\" alt=\"\" decoding=\"async\" loading=\"lazy\" data-full-size=\"1024x643\" \/><\/a>\n\t\t\t<\/div><\/figure><figure class='gallery-item'>\n\t\t\t<div class='gallery-icon landscape'>\n\t\t\t\t<a href='https:\/\/www.ef-pixx.de\/wp-content\/uploads\/2014\/09\/AMB023.jpg'><img width=\"150\" height=\"150\" src=\"https:\/\/www.ef-pixx.de\/wp-content\/uploads\/2014\/09\/AMB023-e1409780149729-150x150.jpg\" class=\"attachment-thumbnail size-thumbnail\" alt=\"\" decoding=\"async\" loading=\"lazy\" data-full-size=\"1024x580\" \/><\/a>\n\t\t\t<\/div><\/figure><figure class='gallery-item'>\n\t\t\t<div class='gallery-icon landscape'>\n\t\t\t\t<a href='https:\/\/www.ef-pixx.de\/wp-content\/uploads\/2014\/09\/AMB014.jpg'><img width=\"150\" height=\"150\" src=\"https:\/\/www.ef-pixx.de\/wp-content\/uploads\/2014\/09\/AMB014-150x150.jpg\" class=\"attachment-thumbnail size-thumbnail\" alt=\"\" decoding=\"async\" loading=\"lazy\" data-full-size=\"1024x683\" \/><\/a>\n\t\t\t<\/div><\/figure><figure class='gallery-item'>\n\t\t\t<div class='gallery-icon landscape'>\n\t\t\t\t<a href='https:\/\/www.ef-pixx.de\/wp-content\/uploads\/2014\/09\/AMB033.jpg'><img width=\"150\" height=\"150\" src=\"https:\/\/www.ef-pixx.de\/wp-content\/uploads\/2014\/09\/AMB033-e1409780026361-150x150.jpg\" class=\"attachment-thumbnail size-thumbnail\" alt=\"\" decoding=\"async\" loading=\"lazy\" data-full-size=\"1024x636\" \/><\/a>\n\t\t\t<\/div><\/figure><figure class='gallery-item'>\n\t\t\t<div class='gallery-icon landscape'>\n\t\t\t\t<a href='https:\/\/www.ef-pixx.de\/wp-content\/uploads\/2014\/09\/AMB007.jpg'><img width=\"150\" height=\"150\" src=\"https:\/\/www.ef-pixx.de\/wp-content\/uploads\/2014\/09\/AMB007-150x150.jpg\" class=\"attachment-thumbnail size-thumbnail\" alt=\"\" decoding=\"async\" loading=\"lazy\" data-full-size=\"1024x631\" \/><\/a>\n\t\t\t<\/div><\/figure><figure class='gallery-item'>\n\t\t\t<div class='gallery-icon portrait'>\n\t\t\t\t<a href='https:\/\/www.ef-pixx.de\/wp-content\/uploads\/2014\/09\/AMB037.jpg'><img width=\"150\" height=\"150\" src=\"https:\/\/www.ef-pixx.de\/wp-content\/uploads\/2014\/09\/AMB037-150x150.jpg\" class=\"attachment-thumbnail size-thumbnail\" alt=\"\" decoding=\"async\" loading=\"lazy\" data-full-size=\"598x768\" \/><\/a>\n\t\t\t<\/div><\/figure><figure class='gallery-item'>\n\t\t\t<div class='gallery-icon landscape'>\n\t\t\t\t<a href='https:\/\/www.ef-pixx.de\/wp-content\/uploads\/2014\/09\/AMB013.jpg'><img width=\"150\" height=\"150\" src=\"https:\/\/www.ef-pixx.de\/wp-content\/uploads\/2014\/09\/AMB013-150x150.jpg\" class=\"attachment-thumbnail size-thumbnail\" alt=\"\" decoding=\"async\" loading=\"lazy\" data-full-size=\"1024x609\" \/><\/a>\n\t\t\t<\/div><\/figure><figure class='gallery-item'>\n\t\t\t<div class='gallery-icon landscape'>\n\t\t\t\t<a href='https:\/\/www.ef-pixx.de\/wp-content\/uploads\/2014\/09\/AMB012.jpg'><img width=\"150\" height=\"150\" src=\"https:\/\/www.ef-pixx.de\/wp-content\/uploads\/2014\/09\/AMB012-150x150.jpg\" class=\"attachment-thumbnail size-thumbnail\" alt=\"\" decoding=\"async\" loading=\"lazy\" data-full-size=\"1024x631\" \/><\/a>\n\t\t\t<\/div><\/figure>\n\t\t<\/div>\n\n","protected":false},"excerpt":{"rendered":"<p>&nbsp;<\/p>\n","protected":false},"author":2,"featured_media":0,"parent":544,"menu_order":0,"comment_status":"closed","ping_status":"closed","template":"","meta":[],"_links":{"self":[{"href":"https:\/\/www.ef-pixx.de\/index.php\/wp-json\/wp\/v2\/pages\/6774"}],"collection":[{"href":"https:\/\/www.ef-pixx.de\/index.php\/wp-json\/wp\/v2\/pages"}],"about":[{"href":"https:\/\/www.ef-pixx.de\/index.php\/wp-json\/wp\/v2\/types\/page"}],"author":[{"embeddable":true,"href":"https:\/\/www.ef-pixx.de\/index.php\/wp-json\/wp\/v2\/users\/2"}],"replies":[{"embeddable":true,"href":"https:\/\/www.ef-pixx.de\/index.php\/wp-json\/wp\/v2\/comments?post=6774"}],"version-history":[{"count":5,"href":"https:\/\/www.ef-pixx.de\/index.php\/wp-json\/wp\/v2\/pages\/6774\/revisions"}],"predecessor-version":[{"id":8090,"href":"https:\/\/www.ef-pixx.de\/index.php\/wp-json\/wp\/v2\/pages\/6774\/revisions\/8090"}],"up":[{"embeddable":true,"href":"https:\/\/www.ef-pixx.de\/index.php\/wp-json\/wp\/v2\/pages\/544"}],"wp:attachment":[{"href":"https:\/\/www.ef-pixx.de\/index.php\/wp-json\/wp\/v2\/media?parent=6774"}],"curies":[{"name":"wp","href":"https:\/\/api.w.org\/{rel}","templated":true}]}}